{"id":3084,"date":"2024-06-19T05:12:28","date_gmt":"2024-06-19T05:12:28","guid":{"rendered":"https:\/\/demo.awaikenthemes.com\/builtup\/?page_id=3084"},"modified":"2025-03-17T13:49:45","modified_gmt":"2025-03-17T13:49:45","slug":"contact-us","status":"publish","type":"page","link":"https:\/\/lyg-construction.com\/fr\/contact-us\/","title":{"rendered":"Contactez-nous"},"content":{"rendered":"<div data-elementor-type=\"wp-page\" data-elementor-id=\"3084\" class=\"elementor elementor-3084\">\n\t\t\t\t<div class=\"elementor-element elementor-element-f781c3e e-con-full e-flex e-con e-parent\" data-id=\"f781c3e\" data-element_type=\"container\" data-settings=\"{&quot;background_background&quot;:&quot;classic&quot;}\">\n\t\t<div class=\"elementor-element elementor-element-cfeafcd e-con-full e-flex e-con e-child\" data-id=\"cfeafcd\" data-element_type=\"container\" data-settings=\"{&quot;background_background&quot;:&quot;classic&quot;}\">\n\t\t<div class=\"elementor-element elementor-element-160f4a5 e-flex e-con-boxed e-con e-child\" data-id=\"160f4a5\" data-element_type=\"container\">\n\t\t\t\t\t<div class=\"e-con-inner\">\n\t\t\t\t<div class=\"elementor-element elementor-element-077029b at-heading-animation at-animation-heading-style-3 elementor-widget elementor-widget-heading\" data-id=\"077029b\" data-element_type=\"widget\" data-settings=\"{&quot;ekit_we_effect_on&quot;:&quot;none&quot;}\" data-widget_type=\"heading.default\">\n\t\t\t\t<div class=\"elementor-widget-container\">\n\t\t\t\t\t<h1 class=\"elementor-heading-title elementor-size-default\">Contactez-nous<\/h1>\t\t\t\t<\/div>\n\t\t\t\t<\/div>\n\t\t\t\t<div class=\"elementor-element elementor-element-37c956b elementor-invisible elementor-widget elementor-widget-elementskit-breadcrumb\" data-id=\"37c956b\" data-element_type=\"widget\" data-settings=\"{&quot;_animation_mobile&quot;:&quot;fadeInUp&quot;,&quot;_animation&quot;:&quot;fadeInUp&quot;,&quot;ekit_we_effect_on&quot;:&quot;none&quot;}\" data-widget_type=\"elementskit-breadcrumb.default\">\n\t\t\t\t<div class=\"elementor-widget-container\">\n\t\t\t\t\t<div class=\"ekit-wid-con\" ><ol class=\"ekit-breadcrumb\"><li class=\"ekit_breadcrumbs_start\"><a href=\"https:\/\/lyg-construction.com\/fr\/\">Accueil<\/a><\/li> <li class=\"brd_sep\"><span class=\"separate_icon\"><svg xmlns=\"http:\/\/www.w3.org\/2000\/svg\" width=\"7\" height=\"12\" viewbox=\"0 0 7 12\"><path d=\"M0.283883 11.68L4.95988 0.129999H6.70988L2.03388 11.68H0.283883Z\" fill=\"white\"><\/path><\/svg><\/span><\/li>  <li>Contactez-nous<\/li><\/ol><\/div>\t\t\t\t<\/div>\n\t\t\t\t<\/div>\n\t\t\t\t\t<\/div>\n\t\t\t\t<\/div>\n\t\t\t\t<\/div>\n\t\t\t\t<\/div>\n\t\t<div class=\"elementor-element elementor-element-949fc23 e-flex e-con-boxed e-con e-parent\" data-id=\"949fc23\" data-element_type=\"container\">\n\t\t\t\t\t<div class=\"e-con-inner\">\n\t\t<div class=\"elementor-element elementor-element-98ec86f e-con-full e-flex elementor-invisible e-con e-child\" data-id=\"98ec86f\" data-element_type=\"container\" data-settings=\"{&quot;animation&quot;:&quot;fadeInUp&quot;}\">\n\t\t\t\t<div class=\"elementor-element elementor-element-be2c796 contact-info-item elementor-view-default elementor-position-top elementor-mobile-position-top elementor-widget elementor-widget-icon-box\" data-id=\"be2c796\" data-element_type=\"widget\" data-settings=\"{&quot;ekit_we_effect_on&quot;:&quot;none&quot;}\" data-widget_type=\"icon-box.default\">\n\t\t\t\t<div class=\"elementor-widget-container\">\n\t\t\t\t\t\t\t<div class=\"elementor-icon-box-wrapper\">\n\n\t\t\t\t\t\t<div class=\"elementor-icon-box-icon\">\n\t\t\t\t<span  class=\"elementor-icon\">\n\t\t\t\t<i aria-hidden=\"true\" class=\"fas fa-phone-volume\"><\/i>\t\t\t\t<\/span>\n\t\t\t<\/div>\n\t\t\t\n\t\t\t\t\t\t<div class=\"elementor-icon-box-content\">\n\n\t\t\t\t\t\t\t\t\t<h3 class=\"elementor-icon-box-title\">\n\t\t\t\t\t\t<span  >\n\t\t\t\t\t\t\tcentre d'assistance t\u00e9l\u00e9phonique 24h\/24 et 7j\/7\t\t\t\t\t\t<\/span>\n\t\t\t\t\t<\/h3>\n\t\t\t\t\n\t\t\t\t\t\t\t\t\t<p class=\"elementor-icon-box-description\">\n\t\t\t\t\t\t<a href=\"tel:+15145851814\">514.585.1814<\/a> |\n<a href=\"tel:+15144518524\">514.451.8524<\/a>\t\t\t\t\t<\/p>\n\t\t\t\t\n\t\t\t<\/div>\n\t\t\t\n\t\t<\/div>\n\t\t\t\t\t\t<\/div>\n\t\t\t\t<\/div>\n\t\t\t\t<\/div>\n\t\t<div class=\"elementor-element elementor-element-7baab4b e-con-full e-flex elementor-invisible e-con e-child\" data-id=\"7baab4b\" data-element_type=\"container\" data-settings=\"{&quot;animation&quot;:&quot;fadeInUp&quot;,&quot;animation_delay&quot;:100}\">\n\t\t\t\t<div class=\"elementor-element elementor-element-9aed1ab contact-info-item elementor-view-default elementor-position-top elementor-mobile-position-top elementor-widget elementor-widget-icon-box\" data-id=\"9aed1ab\" data-element_type=\"widget\" data-settings=\"{&quot;ekit_we_effect_on&quot;:&quot;none&quot;}\" data-widget_type=\"icon-box.default\">\n\t\t\t\t<div class=\"elementor-widget-container\">\n\t\t\t\t\t\t\t<div class=\"elementor-icon-box-wrapper\">\n\n\t\t\t\t\t\t<div class=\"elementor-icon-box-icon\">\n\t\t\t\t<span  class=\"elementor-icon\">\n\t\t\t\t<i aria-hidden=\"true\" class=\"fas fa-envelope\"><\/i>\t\t\t\t<\/span>\n\t\t\t<\/div>\n\t\t\t\n\t\t\t\t\t\t<div class=\"elementor-icon-box-content\">\n\n\t\t\t\t\t\t\t\t\t<h3 class=\"elementor-icon-box-title\">\n\t\t\t\t\t\t<span  >\n\t\t\t\t\t\t\t\u00e9crivez-nous\t\t\t\t\t\t<\/span>\n\t\t\t\t\t<\/h3>\n\t\t\t\t\n\t\t\t\t\t\t\t\t\t<p class=\"elementor-icon-box-description\">\n\t\t\t\t\t\t<a href=\"mailto:LYGContracts@gmail.com\">LYGContracts@gmail.com<\/a>\t\t\t\t\t<\/p>\n\t\t\t\t\n\t\t\t<\/div>\n\t\t\t\n\t\t<\/div>\n\t\t\t\t\t\t<\/div>\n\t\t\t\t<\/div>\n\t\t\t\t<\/div>\n\t\t<div class=\"elementor-element elementor-element-c814f05 e-con-full e-flex elementor-invisible e-con e-child\" data-id=\"c814f05\" data-element_type=\"container\" data-settings=\"{&quot;animation&quot;:&quot;fadeInUp&quot;,&quot;animation_delay&quot;:200}\">\n\t\t\t\t<div class=\"elementor-element elementor-element-635aae6 contact-info-item elementor-view-default elementor-position-top elementor-mobile-position-top elementor-widget elementor-widget-icon-box\" data-id=\"635aae6\" data-element_type=\"widget\" data-settings=\"{&quot;ekit_we_effect_on&quot;:&quot;none&quot;}\" data-widget_type=\"icon-box.default\">\n\t\t\t\t<div class=\"elementor-widget-container\">\n\t\t\t\t\t\t\t<div class=\"elementor-icon-box-wrapper\">\n\n\t\t\t\t\t\t<div class=\"elementor-icon-box-icon\">\n\t\t\t\t<span  class=\"elementor-icon\">\n\t\t\t\t<i aria-hidden=\"true\" class=\"fas fa-map-marked-alt\"><\/i>\t\t\t\t<\/span>\n\t\t\t<\/div>\n\t\t\t\n\t\t\t\t\t\t<div class=\"elementor-icon-box-content\">\n\n\t\t\t\t\t\t\t\t\t<h3 class=\"elementor-icon-box-title\">\n\t\t\t\t\t\t<span  >\n\t\t\t\t\t\t\tvisitez-nous\t\t\t\t\t\t<\/span>\n\t\t\t\t\t<\/h3>\n\t\t\t\t\n\t\t\t\t\t\t\t\t\t<p class=\"elementor-icon-box-description\">\n\t\t\t\t\t\t2145 Rue No\u00ebl Montr\u00e9al, QC H4M 1R7\t\t\t\t\t<\/p>\n\t\t\t\t\n\t\t\t<\/div>\n\t\t\t\n\t\t<\/div>\n\t\t\t\t\t\t<\/div>\n\t\t\t\t<\/div>\n\t\t\t\t<\/div>\n\t\t\t\t\t<\/div>\n\t\t\t\t<\/div>\n\t\t<div class=\"elementor-element elementor-element-617a3cf e-flex e-con-boxed e-con e-parent\" data-id=\"617a3cf\" data-element_type=\"container\" data-settings=\"{&quot;background_background&quot;:&quot;classic&quot;}\">\n\t\t\t\t\t<div class=\"e-con-inner\">\n\t\t<div class=\"elementor-element elementor-element-f130c6c e-con-full e-flex e-con e-child\" data-id=\"f130c6c\" data-element_type=\"container\" data-settings=\"{&quot;background_background&quot;:&quot;classic&quot;}\">\n\t\t\t\t<div class=\"elementor-element elementor-element-1c38e3f at-heading-animation at-animation-heading-style-3 elementor-widget elementor-widget-heading\" data-id=\"1c38e3f\" data-element_type=\"widget\" data-settings=\"{&quot;ekit_we_effect_on&quot;:&quot;none&quot;}\" data-widget_type=\"heading.default\">\n\t\t\t\t<div class=\"elementor-widget-container\">\n\t\t\t\t\t<h2 class=\"elementor-heading-title elementor-size-default\">Pr\u00eat \u00e0 commencer\u00a0? Discutons-en.<\/h2>\t\t\t\t<\/div>\n\t\t\t\t<\/div>\n\t\t\t\t<div class=\"elementor-element elementor-element-e67b911 elementor-widget elementor-widget-text-editor\" data-id=\"e67b911\" data-element_type=\"widget\" data-settings=\"{&quot;ekit_we_effect_on&quot;:&quot;none&quot;}\" data-widget_type=\"text-editor.default\">\n\t\t\t\t<div class=\"elementor-widget-container\">\n\t\t\t\t\t\t\t\t\t<p>Veuillez remplir le formulaire ci-dessous et un membre de notre \u00e9quipe vous r\u00e9pondra dans les plus brefs d\u00e9lais.<\/p>\t\t\t\t\t\t\t\t<\/div>\n\t\t\t\t<\/div>\n\t\t\t\t<div class=\"elementor-element elementor-element-6072055 contact-form elementor-widget elementor-widget-elementskit-contact-form7\" data-id=\"6072055\" data-element_type=\"widget\" data-settings=\"{&quot;ekit_we_effect_on&quot;:&quot;none&quot;}\" data-widget_type=\"elementskit-contact-form7.default\">\n\t\t\t\t<div class=\"elementor-widget-container\">\n\t\t\t\t\t<div class=\"ekit-wid-con\" ><div class=\"ekit-form\">\n<div class=\"wpcf7 no-js\" id=\"wpcf7-f7003-p3084-o1\" lang=\"en-US\" dir=\"ltr\" data-wpcf7-id=\"7003\">\n<div class=\"screen-reader-response\"><p role=\"status\" aria-live=\"polite\" aria-atomic=\"true\"><\/p> <ul><\/ul><\/div>\n<form action=\"\/fr\/contact-us\/#wpcf7-f7003-p3084-o1\" method=\"post\" class=\"wpcf7-form init\" aria-label=\"Contact form\" enctype=\"multipart\/form-data\" novalidate=\"novalidate\" data-status=\"init\" data-trp-original-action=\"\/contact-us\/#wpcf7-f7003-p3084-o1\">\n<div style=\"display: none;\">\n<input type=\"hidden\" name=\"_wpcf7\" value=\"7003\" \/>\n<input type=\"hidden\" name=\"_wpcf7_version\" value=\"6.0.6\" \/>\n<input type=\"hidden\" name=\"_wpcf7_locale\" value=\"en_US\" \/>\n<input type=\"hidden\" name=\"_wpcf7_unit_tag\" value=\"wpcf7-f7003-p3084-o1\" \/>\n<input type=\"hidden\" name=\"_wpcf7_container_post\" value=\"3084\" \/>\n<input type=\"hidden\" name=\"_wpcf7_posted_data_hash\" value=\"\" \/>\n<\/div>\n<div class=\"row\">\n\t<div class=\"form-group col-md-6 mb-4\">\n\t\t<p><span class=\"wpcf7-form-control-wrap\" data-name=\"your-name\"><input size=\"40\" maxlength=\"400\" class=\"wpcf7-form-control wpcf7-text wpcf7-validates-as-required form-control\" id=\"your-name\" aria-required=\"true\" aria-invalid=\"false\" placeholder=\"Entrez votre nom\" value=\"\" type=\"text\" name=\"your-name\" \/><\/span>\n\t\t<\/p>\n\t<\/div>\n\t<div class=\"form-group col-md-6 mb-4\">\n\t\t<p><span class=\"wpcf7-form-control-wrap\" data-name=\"email\"><input size=\"40\" maxlength=\"400\" class=\"wpcf7-form-control wpcf7-email wpcf7-validates-as-required wpcf7-text wpcf7-validates-as-email form-control\" id=\"email\" aria-required=\"true\" aria-invalid=\"false\" placeholder=\"Entrez votre email\" value=\"\" type=\"email\" name=\"email\" \/><\/span>\n\t\t<\/p>\n\t<\/div>\n\t<div class=\"form-group col-md-6 mb-4\">\n\t\t<p><span class=\"wpcf7-form-control-wrap\" data-name=\"phone\"><input size=\"40\" maxlength=\"400\" class=\"wpcf7-form-control wpcf7-text wpcf7-validates-as-required form-control\" id=\"phone\" aria-required=\"true\" aria-invalid=\"false\" placeholder=\"Num\u00e9ro de t\u00e9l\u00e9phone\" value=\"\" type=\"text\" name=\"phone\" \/><\/span>\n\t\t<\/p>\n\t<\/div>\n\t<div class=\"form-group col-md-6 mb-4\">\n\t\t<p><span class=\"wpcf7-form-control-wrap\" data-name=\"Subject\"><input size=\"40\" maxlength=\"400\" class=\"wpcf7-form-control wpcf7-text wpcf7-validates-as-required form-control\" id=\"subject\" aria-required=\"true\" aria-invalid=\"false\" placeholder=\"Sujet\" value=\"\" type=\"text\" name=\"Subject\" \/><\/span>\n\t\t<\/p>\n\t<\/div>\n\t<div class=\"form-group col-md-12 mb-4\">\n\t\t<p><span class=\"wpcf7-form-control-wrap\" data-name=\"message\"><textarea cols=\"40\" rows=\"10\" maxlength=\"2000\" class=\"wpcf7-form-control wpcf7-textarea form-control\" id=\"msg\" aria-invalid=\"false\" placeholder=\"Message\" name=\"message\"><\/textarea><\/span>\n\t\t<\/p>\n\t<\/div>\n\t<div class=\"col-md-12\">\n\t\t<p><span class=\"wpcf7-form-control-wrap\" data-name=\"file-258\"><input size=\"40\" class=\"wpcf7-form-control wpcf7-file\" accept=\".pdf,.jpeg,.jpg,.png,.gif,.tiff,.doc,.docx,.odt\" aria-invalid=\"false\" type=\"file\" name=\"file-258\" \/><\/span>\n\t\t<\/p>\n\t<\/div>\n\t<div class=\"col-md-12 form-btn\">\n\t\t<p><input class=\"wpcf7-form-control wpcf7-submit has-spinner btn-default\" id=\"msgSubmit\" type=\"submit\" value=\"Soumettre\" \/>\n\t\t<\/p>\n\t<\/div>\n<\/div><div class=\"wpcf7-response-output\" aria-hidden=\"true\"><\/div>\n<input type=\"hidden\" name=\"trp-form-language\" value=\"fr\"\/><\/form>\n<\/div>\n<\/div><\/div>\t\t\t\t<\/div>\n\t\t\t\t<\/div>\n\t\t\t\t<\/div>\n\t\t<div class=\"elementor-element elementor-element-b5c14c8 e-con-full e-flex e-con e-child\" data-id=\"b5c14c8\" data-element_type=\"container\">\n\t\t<div class=\"elementor-element elementor-element-04a534d e-con-full contact-sidebar e-flex e-con e-child\" data-id=\"04a534d\" data-element_type=\"container\" data-settings=\"{&quot;background_background&quot;:&quot;classic&quot;}\">\n\t\t\t\t<div class=\"elementor-element elementor-element-7a22d79 elementor-widget elementor-widget-heading\" data-id=\"7a22d79\" data-element_type=\"widget\" data-settings=\"{&quot;ekit_we_effect_on&quot;:&quot;none&quot;}\" data-widget_type=\"heading.default\">\n\t\t\t\t<div class=\"elementor-widget-container\">\n\t\t\t\t\t<h3 class=\"elementor-heading-title elementor-size-default\">Suivez-nous<\/h3>\t\t\t\t<\/div>\n\t\t\t\t<\/div>\n\t\t\t\t<div class=\"elementor-element elementor-element-6af3709 elementor-widget elementor-widget-elementskit-social-media\" data-id=\"6af3709\" data-element_type=\"widget\" data-settings=\"{&quot;ekit_we_effect_on&quot;:&quot;none&quot;}\" data-widget_type=\"elementskit-social-media.default\">\n\t\t\t\t<div class=\"elementor-widget-container\">\n\t\t\t\t\t<div class=\"ekit-wid-con\" >\t\t\t <ul class=\"ekit_social_media\">\n\t\t\t\t\t\t\t\t\t\t\t\t\t\t<li class=\"elementor-repeater-item-9d2a925\">\n\t\t\t\t\t    <a\n\t\t\t\t\t\thref=\"https:\/\/www.facebook.com\/profile.php?id=61569072200869\" target=\"_blank\" aria-label=\"Facebook\" class=\"f\" >\n\t\t\t\t\t\t\t\t\t\t\t\t\t\t\n\t\t\t\t\t\t\t<i aria-hidden=\"true\" class=\"fab fa-facebook-f\"><\/i>\t\t\t\t\t\t\t\t\t\n                                                                                                            <\/a>\n                    <\/li>\n                    \t\t\t\t\t\t\t\t\t\t\t\t\t\t<li class=\"elementor-repeater-item-d13ec6c\">\n\t\t\t\t\t    <a\n\t\t\t\t\t\thref=\"https:\/\/www.instagram.com\/lyg.construction\/\" target=\"_blank\" aria-label=\"Instagram\" class=\"instagram\" >\n\t\t\t\t\t\t\t\t\t\t\t\t\t\t\n\t\t\t\t\t\t\t<i aria-hidden=\"true\" class=\"fab fa-instagram\"><\/i>\t\t\t\t\t\t\t\t\t\n                                                                                                            <\/a>\n                    <\/li>\n                    \t\t\t\t\t\t\t\t\t\t\t\t\t\t<li class=\"elementor-repeater-item-d0581ab\">\n\t\t\t\t\t    <a\n\t\t\t\t\t\thref=\"https:\/\/www.linkedin.com\/company\/lyg-construction\/\" target=\"_blank\" aria-label=\"Linkedin\" class=\"in\" >\n\t\t\t\t\t\t\t\t\t\t\t\t\t\t\n\t\t\t\t\t\t\t<i aria-hidden=\"true\" class=\"fab fa-linkedin-in\"><\/i>\t\t\t\t\t\t\t\t\t\n                                                                                                            <\/a>\n                    <\/li>\n                    \t\t\t\t\t\t\t<\/ul>\n\t\t<\/div>\t\t\t\t<\/div>\n\t\t\t\t<\/div>\n\t\t\t\t<div class=\"elementor-element elementor-element-9a0d627 at-image-animation at-animation-image-none elementor-widget elementor-widget-image\" data-id=\"9a0d627\" data-element_type=\"widget\" data-settings=\"{&quot;ekit_we_effect_on&quot;:&quot;none&quot;}\" data-widget_type=\"image.default\">\n\t\t\t\t<div class=\"elementor-widget-container\">\n\t\t\t\t\t\t\t\t\t\t\t\t\t\t\t<img fetchpriority=\"high\" decoding=\"async\" width=\"1368\" height=\"690\" src=\"https:\/\/lyg-construction.com\/wp-content\/uploads\/2024\/06\/lyg-logov2.png\" class=\"attachment-full size-full wp-image-7236\" alt=\"\" srcset=\"https:\/\/lyg-construction.com\/wp-content\/uploads\/2024\/06\/lyg-logov2.png 1368w, https:\/\/lyg-construction.com\/wp-content\/uploads\/2024\/06\/lyg-logov2-300x151.png 300w, https:\/\/lyg-construction.com\/wp-content\/uploads\/2024\/06\/lyg-logov2-1024x516.png 1024w, https:\/\/lyg-construction.com\/wp-content\/uploads\/2024\/06\/lyg-logov2-768x387.png 768w\" sizes=\"(max-width: 1368px) 100vw, 1368px\" \/>\t\t\t\t\t\t\t\t\t\t\t\t\t\t\t<\/div>\n\t\t\t\t<\/div>\n\t\t\t\t<\/div>\n\t\t\t\t<\/div>\n\t\t\t\t\t<\/div>\n\t\t\t\t<\/div>\n\t\t<div class=\"elementor-element elementor-element-fe6f3bc e-con-full e-flex e-con e-parent\" data-id=\"fe6f3bc\" data-element_type=\"container\">\n\t\t\t\t<div class=\"elementor-element elementor-element-1dae5f8 elementor-widget elementor-widget-google_maps\" data-id=\"1dae5f8\" data-element_type=\"widget\" data-settings=\"{&quot;ekit_we_effect_on&quot;:&quot;none&quot;}\" data-widget_type=\"google_maps.default\">\n\t\t\t\t<div class=\"elementor-widget-container\">\n\t\t\t\t\t\t\t<div class=\"elementor-custom-embed\">\n\t\t\t<iframe loading=\"lazy\"\n\t\t\t\t\tsrc=\"https:\/\/maps.google.com\/maps?q=2145%20Rue%20No%C3%ABl%20Montr%C3%A9al%2C%20QC%20H4M%201R7&#038;t=m&#038;z=16&#038;output=embed&#038;iwloc=near\"\n\t\t\t\t\ttitle=\"2145 Rue No\u00ebl Montr\u00e9al, QC H4M 1R7\"\n\t\t\t\t\taria-label=\"2145 Rue No\u00ebl Montr\u00e9al, QC H4M 1R7\"\n\t\t\t><\/iframe>\n\t\t<\/div>\n\t\t\t\t\t\t<\/div>\n\t\t\t\t<\/div>\n\t\t\t\t<\/div>\n\t\t\t\t<\/div>","protected":false},"excerpt":{"rendered":"<p>Contact Us Home call support center 24\/7 514.585.1814 | 514.451.8524 write to [&hellip;]<\/p>","protected":false},"author":2,"featured_media":0,"parent":0,"menu_order":0,"comment_status":"closed","ping_status":"closed","template":"elementor_header_footer","meta":{"footnotes":""},"class_list":["post-3084","page","type-page","status-publish","hentry"],"_links":{"self":[{"href":"https:\/\/lyg-construction.com\/fr\/wp-json\/wp\/v2\/pages\/3084","targetHints":{"allow":["GET"]}}],"collection":[{"href":"https:\/\/lyg-construction.com\/fr\/wp-json\/wp\/v2\/pages"}],"about":[{"href":"https:\/\/lyg-construction.com\/fr\/wp-json\/wp\/v2\/types\/page"}],"author":[{"embeddable":true,"href":"https:\/\/lyg-construction.com\/fr\/wp-json\/wp\/v2\/users\/2"}],"replies":[{"embeddable":true,"href":"https:\/\/lyg-construction.com\/fr\/wp-json\/wp\/v2\/comments?post=3084"}],"version-history":[{"count":46,"href":"https:\/\/lyg-construction.com\/fr\/wp-json\/wp\/v2\/pages\/3084\/revisions"}],"predecessor-version":[{"id":7920,"href":"https:\/\/lyg-construction.com\/fr\/wp-json\/wp\/v2\/pages\/3084\/revisions\/7920"}],"wp:attachment":[{"href":"https:\/\/lyg-construction.com\/fr\/wp-json\/wp\/v2\/media?parent=3084"}],"curies":[{"name":"wp","href":"https:\/\/api.w.org\/{rel}","templated":true}]}}